{"id":547,"date":"2024-11-21T10:34:06","date_gmt":"2024-11-21T09:34:06","guid":{"rendered":"https:\/\/gtaxi-meribel.fr\/?page_id=547"},"modified":"2025-11-07T17:02:53","modified_gmt":"2025-11-07T16:02:53","slug":"demande-reservation","status":"publish","type":"page","link":"https:\/\/gtaxi-meribel.fr\/index.php\/demande-reservation\/","title":{"rendered":"Demande de R\u00e9servation"},"content":{"rendered":"\t\t<div data-elementor-type=\"wp-page\" data-elementor-id=\"547\" class=\"elementor elementor-547\" data-elementor-post-type=\"page\">\n\t\t\t\t\t\t\t<div class=\"elementor-element elementor-element-14e260c e-flex e-con-boxed e-con e-parent\" data-id=\"14e260c\" data-element_type=\"container\" data-settings=\"{&quot;content_width&quot;:&quot;boxed&quot;}\" data-core-v316-plus=\"true\">\n\t\t\t\t\t<div class=\"e-con-inner\">\n\t\t\t\t<div class=\"elementor-element elementor-element-fd5d5de elementor-widget elementor-widget-html\" data-id=\"fd5d5de\" data-element_type=\"widget\" data-widget_type=\"html.default\">\n\t\t\t\t<div class=\"elementor-widget-container\">\n\t\t\t<iframe loading=\"lazy\" src=\"https:\/\/docs.google.com\/forms\/d\/e\/1FAIpQLScvbJtUp0TZ0bgfmQLrWB1Cz-5OaVliwPjQn5Llbws2d8HIUQ\/viewform?embedded=true\" width=\"1024\" height=\"2176\" frameborder=\"0\" marginheight=\"0\" marginwidth=\"0\">Chargement\u2026<\/iframe>\t\t<\/div>\n\t\t\t\t<\/div>\n\t\t\t\t\t<\/div>\n\t\t\t\t<\/div>\n\t\t\t\t\t\t\t<\/div>\n\t\t","protected":false},"excerpt":{"rendered":"<p>Chargement\u2026<\/p>\n","protected":false},"author":1,"featured_media":0,"parent":0,"menu_order":0,"comment_status":"closed","ping_status":"closed","template":"","meta":{"footnotes":""},"class_list":["post-547","page","type-page","status-publish","hentry"],"yoast_head":"<!-- This site is optimized with the Yoast SEO plugin v26.3 - https:\/\/yoast.com\/wordpress\/plugins\/seo\/ -->\n<title>Demande de R\u00e9servation - G-taxi M\u00e9ribel<\/title>\n<meta name=\"description\" content=\"Taxi &amp; transfert luxe 24h\/24 en Savoie\u202f: M\u00e9ribel, Courchevel, Val\u202fThorens\u2026 R\u00e9servez votre navette depuis\/vers gare ou a\u00e9roport. Confort, pro, r\u00e9actif\" \/>\n<meta name=\"robots\" content=\"index, follow, max-snippet:-1, max-image-preview:large, max-video-preview:-1\" \/>\n<link rel=\"canonical\" href=\"https:\/\/gtaxi-meribel.fr\/index.php\/demande-reservation\/\" \/>\n<meta property=\"og:locale\" content=\"fr_FR\" \/>\n<meta property=\"og:type\" content=\"article\" \/>\n<meta property=\"og:title\" content=\"Demande de R\u00e9servation - G-taxi M\u00e9ribel\" \/>\n<meta property=\"og:description\" content=\"Taxi &amp; transfert luxe 24h\/24 en Savoie\u202f: M\u00e9ribel, Courchevel, Val\u202fThorens\u2026 R\u00e9servez votre navette depuis\/vers gare ou a\u00e9roport. Confort, pro, r\u00e9actif\" \/>\n<meta property=\"og:url\" content=\"https:\/\/gtaxi-meribel.fr\/index.php\/demande-reservation\/\" \/>\n<meta property=\"og:site_name\" content=\"G-taxi M\u00e9ribel\" \/>\n<meta property=\"article:modified_time\" content=\"2025-11-07T16:02:53+00:00\" \/>\n<meta name=\"twitter:card\" content=\"summary_large_image\" \/>\n<meta name=\"twitter:label1\" content=\"Dur\u00e9e de lecture estim\u00e9e\" \/>\n\t<meta name=\"twitter:data1\" content=\"1 minute\" \/>\n<script type=\"application\/ld+json\" class=\"yoast-schema-graph\">{\"@context\":\"https:\/\/schema.org\",\"@graph\":[{\"@type\":\"WebPage\",\"@id\":\"https:\/\/gtaxi-meribel.fr\/index.php\/demande-reservation\/\",\"url\":\"https:\/\/gtaxi-meribel.fr\/index.php\/demande-reservation\/\",\"name\":\"Demande de R\u00e9servation - G-taxi M\u00e9ribel\",\"isPartOf\":{\"@id\":\"https:\/\/gtaxi-meribel.fr\/#website\"},\"datePublished\":\"2024-11-21T09:34:06+00:00\",\"dateModified\":\"2025-11-07T16:02:53+00:00\",\"description\":\"Taxi & transfert luxe 24h\/24 en Savoie\u202f: M\u00e9ribel, Courchevel, Val\u202fThorens\u2026 R\u00e9servez votre navette depuis\/vers gare ou a\u00e9roport. Confort, pro, r\u00e9actif\",\"breadcrumb\":{\"@id\":\"https:\/\/gtaxi-meribel.fr\/index.php\/demande-reservation\/#breadcrumb\"},\"inLanguage\":\"fr-FR\",\"potentialAction\":[{\"@type\":\"ReadAction\",\"target\":[\"https:\/\/gtaxi-meribel.fr\/index.php\/demande-reservation\/\"]}]},{\"@type\":\"BreadcrumbList\",\"@id\":\"https:\/\/gtaxi-meribel.fr\/index.php\/demande-reservation\/#breadcrumb\",\"itemListElement\":[{\"@type\":\"ListItem\",\"position\":1,\"name\":\"Accueil\",\"item\":\"https:\/\/gtaxi-meribel.fr\/\"},{\"@type\":\"ListItem\",\"position\":2,\"name\":\"Demande de R\u00e9servation\"}]},{\"@type\":\"WebSite\",\"@id\":\"https:\/\/gtaxi-meribel.fr\/#website\",\"url\":\"https:\/\/gtaxi-meribel.fr\/\",\"name\":\"G-taxi M\u00e9ribel\",\"description\":\"transport, taxi, transfer\",\"publisher\":{\"@id\":\"https:\/\/gtaxi-meribel.fr\/#organization\"},\"potentialAction\":[{\"@type\":\"SearchAction\",\"target\":{\"@type\":\"EntryPoint\",\"urlTemplate\":\"https:\/\/gtaxi-meribel.fr\/?s={search_term_string}\"},\"query-input\":{\"@type\":\"PropertyValueSpecification\",\"valueRequired\":true,\"valueName\":\"search_term_string\"}}],\"inLanguage\":\"fr-FR\"},{\"@type\":\"Organization\",\"@id\":\"https:\/\/gtaxi-meribel.fr\/#organization\",\"name\":\"G-taxi M\u00e9ribel\",\"url\":\"https:\/\/gtaxi-meribel.fr\/\",\"logo\":{\"@type\":\"ImageObject\",\"inLanguage\":\"fr-FR\",\"@id\":\"https:\/\/gtaxi-meribel.fr\/#\/schema\/logo\/image\/\",\"url\":\"https:\/\/gtaxi-meribel.fr\/wp-content\/uploads\/2023\/10\/Fichier-2LOGO_G_TAXI_JAUNE.png\",\"contentUrl\":\"https:\/\/gtaxi-meribel.fr\/wp-content\/uploads\/2023\/10\/Fichier-2LOGO_G_TAXI_JAUNE.png\",\"width\":885,\"height\":204,\"caption\":\"G-taxi M\u00e9ribel\"},\"image\":{\"@id\":\"https:\/\/gtaxi-meribel.fr\/#\/schema\/logo\/image\/\"}}]}<\/script>\n<!-- \/ Yoast SEO plugin. -->","yoast_head_json":{"title":"Demande de R\u00e9servation - G-taxi M\u00e9ribel","description":"Taxi & transfert luxe 24h\/24 en Savoie\u202f: M\u00e9ribel, Courchevel, Val\u202fThorens\u2026 R\u00e9servez votre navette depuis\/vers gare ou a\u00e9roport. Confort, pro, r\u00e9actif","robots":{"index":"index","follow":"follow","max-snippet":"max-snippet:-1","max-image-preview":"max-image-preview:large","max-video-preview":"max-video-preview:-1"},"canonical":"https:\/\/gtaxi-meribel.fr\/index.php\/demande-reservation\/","og_locale":"fr_FR","og_type":"article","og_title":"Demande de R\u00e9servation - G-taxi M\u00e9ribel","og_description":"Taxi & transfert luxe 24h\/24 en Savoie\u202f: M\u00e9ribel, Courchevel, Val\u202fThorens\u2026 R\u00e9servez votre navette depuis\/vers gare ou a\u00e9roport. Confort, pro, r\u00e9actif","og_url":"https:\/\/gtaxi-meribel.fr\/index.php\/demande-reservation\/","og_site_name":"G-taxi M\u00e9ribel","article_modified_time":"2025-11-07T16:02:53+00:00","twitter_card":"summary_large_image","twitter_misc":{"Dur\u00e9e de lecture estim\u00e9e":"1 minute"},"schema":{"@context":"https:\/\/schema.org","@graph":[{"@type":"WebPage","@id":"https:\/\/gtaxi-meribel.fr\/index.php\/demande-reservation\/","url":"https:\/\/gtaxi-meribel.fr\/index.php\/demande-reservation\/","name":"Demande de R\u00e9servation - G-taxi M\u00e9ribel","isPartOf":{"@id":"https:\/\/gtaxi-meribel.fr\/#website"},"datePublished":"2024-11-21T09:34:06+00:00","dateModified":"2025-11-07T16:02:53+00:00","description":"Taxi & transfert luxe 24h\/24 en Savoie\u202f: M\u00e9ribel, Courchevel, Val\u202fThorens\u2026 R\u00e9servez votre navette depuis\/vers gare ou a\u00e9roport. Confort, pro, r\u00e9actif","breadcrumb":{"@id":"https:\/\/gtaxi-meribel.fr\/index.php\/demande-reservation\/#breadcrumb"},"inLanguage":"fr-FR","potentialAction":[{"@type":"ReadAction","target":["https:\/\/gtaxi-meribel.fr\/index.php\/demande-reservation\/"]}]},{"@type":"BreadcrumbList","@id":"https:\/\/gtaxi-meribel.fr\/index.php\/demande-reservation\/#breadcrumb","itemListElement":[{"@type":"ListItem","position":1,"name":"Accueil","item":"https:\/\/gtaxi-meribel.fr\/"},{"@type":"ListItem","position":2,"name":"Demande de R\u00e9servation"}]},{"@type":"WebSite","@id":"https:\/\/gtaxi-meribel.fr\/#website","url":"https:\/\/gtaxi-meribel.fr\/","name":"G-taxi M\u00e9ribel","description":"transport, taxi, transfer","publisher":{"@id":"https:\/\/gtaxi-meribel.fr\/#organization"},"potentialAction":[{"@type":"SearchAction","target":{"@type":"EntryPoint","urlTemplate":"https:\/\/gtaxi-meribel.fr\/?s={search_term_string}"},"query-input":{"@type":"PropertyValueSpecification","valueRequired":true,"valueName":"search_term_string"}}],"inLanguage":"fr-FR"},{"@type":"Organization","@id":"https:\/\/gtaxi-meribel.fr\/#organization","name":"G-taxi M\u00e9ribel","url":"https:\/\/gtaxi-meribel.fr\/","logo":{"@type":"ImageObject","inLanguage":"fr-FR","@id":"https:\/\/gtaxi-meribel.fr\/#\/schema\/logo\/image\/","url":"https:\/\/gtaxi-meribel.fr\/wp-content\/uploads\/2023\/10\/Fichier-2LOGO_G_TAXI_JAUNE.png","contentUrl":"https:\/\/gtaxi-meribel.fr\/wp-content\/uploads\/2023\/10\/Fichier-2LOGO_G_TAXI_JAUNE.png","width":885,"height":204,"caption":"G-taxi M\u00e9ribel"},"image":{"@id":"https:\/\/gtaxi-meribel.fr\/#\/schema\/logo\/image\/"}}]}},"_links":{"self":[{"href":"https:\/\/gtaxi-meribel.fr\/index.php\/wp-json\/wp\/v2\/pages\/547","targetHints":{"allow":["GET"]}}],"collection":[{"href":"https:\/\/gtaxi-meribel.fr\/index.php\/wp-json\/wp\/v2\/pages"}],"about":[{"href":"https:\/\/gtaxi-meribel.fr\/index.php\/wp-json\/wp\/v2\/types\/page"}],"author":[{"embeddable":true,"href":"https:\/\/gtaxi-meribel.fr\/index.php\/wp-json\/wp\/v2\/users\/1"}],"replies":[{"embeddable":true,"href":"https:\/\/gtaxi-meribel.fr\/index.php\/wp-json\/wp\/v2\/comments?post=547"}],"version-history":[{"count":10,"href":"https:\/\/gtaxi-meribel.fr\/index.php\/wp-json\/wp\/v2\/pages\/547\/revisions"}],"predecessor-version":[{"id":583,"href":"https:\/\/gtaxi-meribel.fr\/index.php\/wp-json\/wp\/v2\/pages\/547\/revisions\/583"}],"wp:attachment":[{"href":"https:\/\/gtaxi-meribel.fr\/index.php\/wp-json\/wp\/v2\/media?parent=547"}],"curies":[{"name":"wp","href":"https:\/\/api.w.org\/{rel}","templated":true}]}}